{"id":446,"date":"2015-04-14T06:55:55","date_gmt":"2015-04-14T06:55:55","guid":{"rendered":"http:\/\/bestbuild.stylemixthemes.com\/demo\/?page_id=446"},"modified":"2020-06-14T11:48:40","modified_gmt":"2020-06-14T11:48:40","slug":"about-us","status":"publish","type":"page","link":"https:\/\/www.expoimport.com\/wp\/?page_id=446","title":{"rendered":"Nosotros"},"content":{"rendered":"<p>[vc_row css=\u00bb.vc_custom_1429082625137{margin-bottom: 80px !important;}\u00bb parallax_speed=\u00bb0.3&#8243;][vc_column width=\u00bb1\/4&#8243; offset=\u00bbvc_hidden-sm vc_hidden-xs\u00bb][stm_sidebar sidebar=\u00bb801&#8243;][\/vc_column][vc_column el_class=\u00bbright_column\u00bb offset=\u00bbvc_col-lg-9 vc_col-md-9&#8243; css=\u00bb.vc_custom_1431689092708{padding-left: 45px !important;}\u00bb][vc_column_text css=\u00bb.vc_custom_1475186518506{margin-top: 50px !important;}\u00bb]<\/p>\n<h2><strong>EXPOIMPORT SAS<\/strong><\/h2>\n<p>Ll\u00e1manos o escr\u00edbenos y te asesoramos en tu proceso de\u00a0<b>importaci\u00f3n y exportaci\u00f3n<\/b>. Somos especialistas en temas de <b>importaci\u00f3n y exportaci\u00f3n<\/b>.<\/p>\n<p>Los siguientes son los pasos para importar en Colombia:<\/p>\n<p>1.UBICACI\u00d3N DE LA SUB PARTIDA ARANCELARIA<br \/>\nPara localizar la sub-partida arancelaria de su producto tiene dos opciones:<\/p>\n<ul>\n<li>A trav\u00e9s del arancel de aduanas.<\/li>\n<li>A trav\u00e9s de plataformas informales de compra o con agentes especializados en compras internacionales y procesos log\u00edsticos para importaciones.<\/li>\n<\/ul>\n<p>2.REGISTRO COMO IMPORTADOR<br \/>\nPara importar en Colombia se debe pertenecer al R\u00e9gimen Com\u00fan, para ello debe estar inscrito en C\u00e1mara de Comercio y tener Registro \u00danico Tributario-RUT.<\/p>\n<p>3.ESTUDIO DE MERCADO<br \/>\nRealice un estudio de mercado y de factibilidad econ\u00f3mica de la importaci\u00f3n, analizando entre otros aspectos: precio del producto en el mercado internacional, costos de transporte internacional, costos de nacionalizaci\u00f3n y dem\u00e1s gastos a que hubiere lugar.<\/p>\n<p>4. IDENTIFICACION DEL PRODUCTO<br \/>\nVerifique la sub -partida arancelaria del producto a importar para saber los impuestos a pagar y dem\u00e1s requisitos para su importaci\u00f3n.<\/p>\n<p>Consulte el Arancel de Aduanas para verificar si el producto a importar est\u00e1 sujeto a vistos buenos e inscripciones previas ante entidades. En caso de que su producto no est\u00e9 sujeto a ning\u00fan requisito previo no se requiere la autorizaci\u00f3n de registro de importaci\u00f3n.<\/p>\n<p>5.REALIZACION DE TRAMITES Y REGISTROS<br \/>\nAlgunos de los productos de libre importaci\u00f3n requieren alg\u00fan permiso o autorizaci\u00f3n, para ello debes tramitar un registro de importaci\u00f3n y autorizaciones que necesitan los productos de previa importaci\u00f3n del Ministerio de Comercio, Industria y Turismo.<\/p>\n<p>6. HAZ UNA BUENA NEGOCIACION<br \/>\nEl R\u00e9gimen Cambiario establece la obligaci\u00f3n de canalizar el pago a trav\u00e9s de los intermediarios del mercado cambiario autorizados por la ley (bancos comerciales, corporaciones financieras, etc.). El importador debe girar al exterior las divisas correspondientes al pago de la importaci\u00f3n.<\/p>\n<p>7. DEFINE LA LOGISTICA DEL PRODUCTO<br \/>\nDebes saber c\u00f3mo va a entrar la mercanc\u00eda al pa\u00eds y tambi\u00e9n en d\u00f3nde estar\u00e1 guardada o cu\u00e1l ser\u00e1 el dep\u00f3sito aduanero en el que estar\u00e1 ubicada mientras se realiza el proceso de nacionalizaci\u00f3n.<\/p>\n<p>8.NACIONALIZACION Y RETIRO DE LA MERCANCIA<br \/>\nUna vez se encuentre la mercanc\u00eda en Colombia en el Dep\u00f3sito Aduanero, se recomienda solicitar autorizaci\u00f3n para realizar una pre-inspecci\u00f3n con anterioridad a la presentaci\u00f3n de la Declaraci\u00f3n de Importaci\u00f3n y dem\u00e1s documentos.<\/p>\n<p>Cordial saludo,<\/p>\n<p>JUAN CARLOS NI\u00d1O RINCON<br \/>\nemail : <a href=\"mailto:ninojc@expoimport.com\">ninojc@expoimport.com<\/a><br \/>\nWhatsapp : 57 &#8211; 3158265161<\/p>\n<p>[\/vc_column_text][\/vc_column][\/vc_row][vc_row css=\u00bb.vc_custom_1431669852826{margin-bottom: -60px !important;}\u00bb parallax_speed=\u00bb0.3&#8243;][vc_column][vc_cta_button2 h4=\u00bbLooking for a quality and affordable constructor for your next project? \u00bb style=\u00bbsquare\u00bb title=\u00bbGET A QUOTE\u00bb accent_color=\u00bb#25da61&#8243; link=\u00bburl:%23||\u00bb][\/vc_column][\/vc_row]<\/p>\n","protected":false},"excerpt":{"rendered":"<p>[vc_row css=\u00bb.vc_custom_1429082625137{margin-bottom: 80px !important;}\u00bb parallax_speed=\u00bb0.3&#8243;][vc_column width=\u00bb1\/4&#8243; offset=\u00bbvc_hidden-sm vc_hidden-xs\u00bb][stm_sidebar sidebar=\u00bb801&#8243;][\/vc_column][vc_column el_class=\u00bbright_column\u00bb offset=\u00bbvc_col-lg-9 vc_col-md-9&#8243; css=\u00bb.vc_custom_1431689092708{padding-left: 45px !important;}\u00bb][vc_column_text css=\u00bb.vc_custom_1475186518506{margin-top: 50px !important;}\u00bb] EXPOIMPORT SAS Ll\u00e1manos o escr\u00edbenos y te asesoramos en tu proceso de\u00a0importaci\u00f3n y exportaci\u00f3n. Somos especialistas en temas de importaci\u00f3n y exportaci\u00f3n. Los siguientes son los pasos para importar en Colombia: 1.UBICACI\u00d3N DE LA SUB PARTIDA ARANCELARIA<\/p>\n","protected":false},"author":1,"featured_media":0,"parent":0,"menu_order":0,"comment_status":"closed","ping_status":"closed","template":"","meta":{"footnotes":""},"class_list":["post-446","page","type-page","status-publish","hentry"],"_links":{"self":[{"href":"https:\/\/www.expoimport.com\/wp\/index.php?rest_route=\/wp\/v2\/pages\/446"}],"collection":[{"href":"https:\/\/www.expoimport.com\/wp\/index.php?rest_route=\/wp\/v2\/pages"}],"about":[{"href":"https:\/\/www.expoimport.com\/wp\/index.php?rest_route=\/wp\/v2\/types\/page"}],"author":[{"embeddable":true,"href":"https:\/\/www.expoimport.com\/wp\/index.php?rest_route=\/wp\/v2\/users\/1"}],"replies":[{"embeddable":true,"href":"https:\/\/www.expoimport.com\/wp\/index.php?rest_route=%2Fwp%2Fv2%2Fcomments&post=446"}],"version-history":[{"count":6,"href":"https:\/\/www.expoimport.com\/wp\/index.php?rest_route=\/wp\/v2\/pages\/446\/revisions"}],"predecessor-version":[{"id":1869,"href":"https:\/\/www.expoimport.com\/wp\/index.php?rest_route=\/wp\/v2\/pages\/446\/revisions\/1869"}],"wp:attachment":[{"href":"https:\/\/www.expoimport.com\/wp\/index.php?rest_route=%2Fwp%2Fv2%2Fmedia&parent=446"}],"curies":[{"name":"wp","href":"https:\/\/api.w.org\/{rel}","templated":true}]}}