{"id":529,"date":"2015-04-16T11:03:26","date_gmt":"2015-04-16T11:03:26","guid":{"rendered":"http:\/\/bestbuild.stylemixthemes.com\/demo\/?page_id=529"},"modified":"2020-06-14T12:00:58","modified_gmt":"2020-06-14T12:00:58","slug":"projects","status":"publish","type":"page","link":"https:\/\/www.expoimport.com\/wp\/?page_id=529","title":{"rendered":"Ideas de negocio"},"content":{"rendered":"<p>[vc_row css=\u00bb.vc_custom_1431351835350{margin-bottom: -60px !important;}\u00bb parallax_speed=\u00bb0.3&#8243;][vc_column width=\u00bb4\/6&#8243;][vc_column_text]<\/p>\n<h2>!\u00a0Haga realidad sus ideas \u00a1<\/h2>\n<ul>\n<li>Multiplique y globalice sus negocios ampliando su red de mercado mediante el uso de\u00a0las nuevas herramientas que ofrece el comercio electr\u00f3nico.<\/li>\n<li>Crea en el poder de los nuevos medios y apalanque su proyecto con\u00a0las nuevas tecnolog\u00edas.<\/li>\n<\/ul>\n<h2>!\u00a0El momento es ahora, hay que actuar ya \u00a1<\/h2>\n<ul>\n<li>Hacer negocios en la era digital que estamos viviendo es mucho m\u00e1s f\u00e1cil que en el pasado, aproveche las redes sociales para crear v\u00ednculos de amistad con grupos de personas que est\u00e1n en su mismo nicho de mercado.<\/li>\n<li>Si sus clientes le quieren comprar a cr\u00e9dito, \u00fanase a una plataforma de pagos seguros por internet que le permita a sus clientes pagar con tarjeta de cr\u00e9dito, de esta forma el cr\u00e9dito lo dar\u00e1 el banco y no usted.<\/li>\n<li>Si necesita un tutor cuente con nosotros, estamos seguros que podemos apoyarlo para hacer realidad sus ideas.<\/li>\n<\/ul>\n<p>Cordial saludo,<\/p>\n<p>JUAN CARLOS NI\u00d1O RINCON<br \/>\n<a href=\"mailto:ninojc@expoimport.com\">ninojc@expoimport.com<\/a><br \/>\nWhatsapp\u00a0 +57 &#8211; 3158265161<\/p>\n<p>[\/vc_column_text][vc_cta_button2 h4=\u00bbLooking for a quality and affordable constructor for your next project? \u00bb style=\u00bbsquare\u00bb title=\u00bbGET A QUOTE\u00bb accent_color=\u00bb#25da61&#8243; link=\u00bburl:%23||\u00bb][\/vc_column][vc_column width=\u00bb2\/6&#8243;][stm_sidebar sidebar=\u00bb891&#8243;][\/vc_column][\/vc_row]<\/p>\n","protected":false},"excerpt":{"rendered":"<p>[vc_row css=\u00bb.vc_custom_1431351835350{margin-bottom: -60px !important;}\u00bb parallax_speed=\u00bb0.3&#8243;][vc_column width=\u00bb4\/6&#8243;][vc_column_text] !\u00a0Haga realidad sus ideas \u00a1 Multiplique y globalice sus negocios ampliando su red de mercado mediante el uso de\u00a0las nuevas herramientas que ofrece el comercio electr\u00f3nico. Crea en el poder de los nuevos medios y apalanque su proyecto con\u00a0las nuevas tecnolog\u00edas. !\u00a0El momento es ahora, hay que actuar ya<\/p>\n","protected":false},"author":1,"featured_media":0,"parent":0,"menu_order":0,"comment_status":"closed","ping_status":"closed","template":"","meta":{"footnotes":""},"class_list":["post-529","page","type-page","status-publish","hentry"],"_links":{"self":[{"href":"https:\/\/www.expoimport.com\/wp\/index.php?rest_route=\/wp\/v2\/pages\/529"}],"collection":[{"href":"https:\/\/www.expoimport.com\/wp\/index.php?rest_route=\/wp\/v2\/pages"}],"about":[{"href":"https:\/\/www.expoimport.com\/wp\/index.php?rest_route=\/wp\/v2\/types\/page"}],"author":[{"embeddable":true,"href":"https:\/\/www.expoimport.com\/wp\/index.php?rest_route=\/wp\/v2\/users\/1"}],"replies":[{"embeddable":true,"href":"https:\/\/www.expoimport.com\/wp\/index.php?rest_route=%2Fwp%2Fv2%2Fcomments&post=529"}],"version-history":[{"count":7,"href":"https:\/\/www.expoimport.com\/wp\/index.php?rest_route=\/wp\/v2\/pages\/529\/revisions"}],"predecessor-version":[{"id":1870,"href":"https:\/\/www.expoimport.com\/wp\/index.php?rest_route=\/wp\/v2\/pages\/529\/revisions\/1870"}],"wp:attachment":[{"href":"https:\/\/www.expoimport.com\/wp\/index.php?rest_route=%2Fwp%2Fv2%2Fmedia&parent=529"}],"curies":[{"name":"wp","href":"https:\/\/api.w.org\/{rel}","templated":true}]}}