{"id":7,"date":"2016-09-29T16:55:47","date_gmt":"2016-09-29T16:55:47","guid":{"rendered":"http:\/\/69.73.183.147\/~expoimpo\/wp\/?page_id=7"},"modified":"2016-09-29T23:29:43","modified_gmt":"2016-09-29T23:29:43","slug":"carrito","status":"publish","type":"page","link":"https:\/\/www.expoimport.com\/wp\/?page_id=7","title":{"rendered":"Carrito"},"content":{"rendered":"<div class=\"woocommerce\">\r\n<p class=\"cart-empty\">Tu carrito est\u00e1 vac\u00edo.<\/p>\r\n\r\n<div class=\"woocommerce-notices-wrapper\"><\/div><div class=\"wc-empty-cart-message\">\r\n\t<div class=\"cart-empty woocommerce-info\"><i class=\"fa fa-info-circle\"><\/i><span>Informational.<\/span> Tu carrito est\u00e1 vac\u00edo.<\/div>\r\n<\/div>\r\n<p class=\"return-to-shop\"><a class=\"button wc-backward\" href=\"https:\/\/www.expoimport.com\/wp\/?page_id=6\">Return To Shop<\/a><\/p>\r\n<\/div>\n","protected":false},"excerpt":{"rendered":"Tu carrito est\u00e1 vac\u00edo. Informational. Tu carrito est\u00e1 vac\u00edo. Return To Shop","protected":false},"author":1,"featured_media":0,"parent":0,"menu_order":0,"comment_status":"closed","ping_status":"closed","template":"","meta":{"footnotes":""},"class_list":["post-7","page","type-page","status-publish","hentry"],"_links":{"self":[{"href":"https:\/\/www.expoimport.com\/wp\/index.php?rest_route=\/wp\/v2\/pages\/7"}],"collection":[{"href":"https:\/\/www.expoimport.com\/wp\/index.php?rest_route=\/wp\/v2\/pages"}],"about":[{"href":"https:\/\/www.expoimport.com\/wp\/index.php?rest_route=\/wp\/v2\/types\/page"}],"author":[{"embeddable":true,"href":"https:\/\/www.expoimport.com\/wp\/index.php?rest_route=\/wp\/v2\/users\/1"}],"replies":[{"embeddable":true,"href":"https:\/\/www.expoimport.com\/wp\/index.php?rest_route=%2Fwp%2Fv2%2Fcomments&post=7"}],"version-history":[{"count":1,"href":"https:\/\/www.expoimport.com\/wp\/index.php?rest_route=\/wp\/v2\/pages\/7\/revisions"}],"predecessor-version":[{"id":1808,"href":"https:\/\/www.expoimport.com\/wp\/index.php?rest_route=\/wp\/v2\/pages\/7\/revisions\/1808"}],"wp:attachment":[{"href":"https:\/\/www.expoimport.com\/wp\/index.php?rest_route=%2Fwp%2Fv2%2Fmedia&parent=7"}],"curies":[{"name":"wp","href":"https:\/\/api.w.org\/{rel}","templated":true}]}}