{"id":670,"date":"2013-06-07T11:37:23","date_gmt":"2013-06-07T11:37:23","guid":{"rendered":"http:\/\/demo2.woothemes.com\/woocommerce\/?post_type=product&#038;p=96"},"modified":"2020-06-26T18:49:14","modified_gmt":"2020-06-26T18:49:14","slug":"woo-album-4","status":"publish","type":"product","link":"https:\/\/www.expoimport.com\/wp\/?product=woo-album-4","title":{"rendered":"Desgranadora de arveja modelo LY200"},"content":{"rendered":"<p>DESGRANADORA EL\u00c9CTRICA<\/p>\n<p>Esta m\u00e1quina aplica una t\u00e9cnica de sujeci\u00f3n flexible combinada con el bombardeo de la vaina que logra extraer los granos sin causarles da\u00f1o.\u00a0 La eficiencia de trabajo es equivalente a 60 veces la mano de obra. su estructura compacta permite estabilidad, ergonom\u00eda y alta eficiencia.<\/p>\n<p>Desgrana entre 300 y 400 kilos de arveja por hora.<\/p>\n<p>La tolva receptora y banda transportadora es un dispositivo adicional que no est\u00e1 incluido en el precio de la m\u00e1quina.<\/p>\n","protected":false},"excerpt":{"rendered":"<p><iframe loading=\"lazy\" src=\"https:\/\/www.youtube.com\/embed\/BK1iqzK1zJs\" width=\"560\" height=\"315\" frameborder=\"0\" allowfullscreen=\"allowfullscreen\"><\/iframe><\/p>\n","protected":false},"featured_media":1811,"comment_status":"open","ping_status":"closed","template":"","meta":[],"product_cat":[84],"product_tag":[54,67,80],"class_list":{"0":"post-670","1":"product","2":"type-product","3":"status-publish","4":"has-post-thumbnail","6":"product_cat-maquinaria","7":"product_tag-drill","8":"product_tag-perforator","9":"product_tag-tool","11":"first","12":"instock","13":"shipping-taxable","14":"purchasable","15":"product-type-simple"},"_links":{"self":[{"href":"https:\/\/www.expoimport.com\/wp\/index.php?rest_route=\/wp\/v2\/product\/670"}],"collection":[{"href":"https:\/\/www.expoimport.com\/wp\/index.php?rest_route=\/wp\/v2\/product"}],"about":[{"href":"https:\/\/www.expoimport.com\/wp\/index.php?rest_route=\/wp\/v2\/types\/product"}],"replies":[{"embeddable":true,"href":"https:\/\/www.expoimport.com\/wp\/index.php?rest_route=%2Fwp%2Fv2%2Fcomments&post=670"}],"wp:featuredmedia":[{"embeddable":true,"href":"https:\/\/www.expoimport.com\/wp\/index.php?rest_route=\/wp\/v2\/media\/1811"}],"wp:attachment":[{"href":"https:\/\/www.expoimport.com\/wp\/index.php?rest_route=%2Fwp%2Fv2%2Fmedia&parent=670"}],"wp:term":[{"taxonomy":"product_cat","embeddable":true,"href":"https:\/\/www.expoimport.com\/wp\/index.php?rest_route=%2Fwp%2Fv2%2Fproduct_cat&post=670"},{"taxonomy":"product_tag","embeddable":true,"href":"https:\/\/www.expoimport.com\/wp\/index.php?rest_route=%2Fwp%2Fv2%2Fproduct_tag&post=670"}],"curies":[{"name":"wp","href":"https:\/\/api.w.org\/{rel}","templated":true}]}}