{"id":671,"date":"2013-06-07T11:38:12","date_gmt":"2013-06-07T11:38:12","guid":{"rendered":"http:\/\/demo2.woothemes.com\/woocommerce\/?post_type=product&#038;p=99"},"modified":"2026-03-26T17:27:57","modified_gmt":"2026-03-26T17:27:57","slug":"woo-single-2","status":"publish","type":"product","link":"https:\/\/www.expoimport.com\/wp\/?product=woo-single-2","title":{"rendered":"Desgranadora de arveja modelo 675"},"content":{"rendered":"<p>DESGRANADORA EL\u00c9CTRICA<\/p>\n<p>La \u201cDesgranadora el\u00e9ctrica\u201d modelo 675, es excelente para desgranar diferentes tipos de granos verdes y maduros como: habas, arvejas y frijoles.<\/p>\n<p><strong>Especificaciones t\u00e9cnicas:<\/strong><\/p>\n<p>\u2022 CAPACIDAD: 100 Libras hora<br \/>\n\u2022 MOTOR: Alta calidad, 1\/3 Hp, 110 Volt, 60Hz<br \/>\n\u2022 SWITCH: Bot\u00f3n de encendido y apagado.<br \/>\n\u2022 CABLE DE CORRIENTE: 2.3 metros de longitud<br \/>\n\u2022 RODILLOS: Especialmente patentados y dise\u00f1ados con material no t\u00f3xico, moldeados para reforzar el eje de acero.<br \/>\n\u2022 TENSORES DE RODILLOS: Dise\u00f1ados especialmente con un material de alta tensi\u00f3n para lograr larga duraci\u00f3n.<br \/>\n\u2022 APAREJO: Dise\u00f1ado en acero para soportar alta tensi\u00f3n y larga duraci\u00f3n.<br \/>\n\u2022 GUARDAS: Ajustables para proteger los dedos y cubrir la correa de repartici\u00f3n.<br \/>\n\u2022 ESTRUCTURA MET\u00c1LICA: Totalmente dise\u00f1ada y construida en aluminio para proveer rigidez y larga duraci\u00f3n.<br \/>\n\u2022 TAZA DE PL\u00c1STICO: Taza removible para recepcionar los granos.<\/p>\n<p>En promedio, la \u201cDesgranadora el\u00e9ctrica\u201d pela 50 kilos de granos en su vaina en aproximadamente una hora y dependiendo del tama\u00f1o y tipo de grano produce entre 40 y 55 libras de grano desgranado. La \u201cDesgranadora el\u00e9ctrica\u201d es muy f\u00e1cil de manejar, simplemente se ubican las vainas en la bandeja superior y luego se empujan manualmente hacia los rodillos. Los granos pelados caen hacia la parte interna de la m\u00e1quina y las vainas son descargadas por la parte frontal de la m\u00e1quina. Peque\u00f1os ajustes del espacio entre los rodillos permiten pelar granos de diferentes tama\u00f1os.<\/p>\n","protected":false},"excerpt":{"rendered":"<p><iframe loading=\"lazy\" src=\"https:\/\/www.youtube.com\/embed\/-pbSo3tpEx4\" width=\"560\" height=\"315\" frameborder=\"0\" allowfullscreen=\"allowfullscreen\"><\/iframe><\/p>\n","protected":false},"featured_media":1801,"comment_status":"open","ping_status":"closed","template":"","meta":[],"product_cat":[84],"product_tag":[],"class_list":{"0":"post-671","1":"product","2":"type-product","3":"status-publish","4":"has-post-thumbnail","6":"product_cat-maquinaria","8":"first","9":"instock","10":"shipping-taxable","11":"purchasable","12":"product-type-simple"},"_links":{"self":[{"href":"https:\/\/www.expoimport.com\/wp\/index.php?rest_route=\/wp\/v2\/product\/671"}],"collection":[{"href":"https:\/\/www.expoimport.com\/wp\/index.php?rest_route=\/wp\/v2\/product"}],"about":[{"href":"https:\/\/www.expoimport.com\/wp\/index.php?rest_route=\/wp\/v2\/types\/product"}],"replies":[{"embeddable":true,"href":"https:\/\/www.expoimport.com\/wp\/index.php?rest_route=%2Fwp%2Fv2%2Fcomments&post=671"}],"wp:featuredmedia":[{"embeddable":true,"href":"https:\/\/www.expoimport.com\/wp\/index.php?rest_route=\/wp\/v2\/media\/1801"}],"wp:attachment":[{"href":"https:\/\/www.expoimport.com\/wp\/index.php?rest_route=%2Fwp%2Fv2%2Fmedia&parent=671"}],"wp:term":[{"taxonomy":"product_cat","embeddable":true,"href":"https:\/\/www.expoimport.com\/wp\/index.php?rest_route=%2Fwp%2Fv2%2Fproduct_cat&post=671"},{"taxonomy":"product_tag","embeddable":true,"href":"https:\/\/www.expoimport.com\/wp\/index.php?rest_route=%2Fwp%2Fv2%2Fproduct_tag&post=671"}],"curies":[{"name":"wp","href":"https:\/\/api.w.org\/{rel}","templated":true}]}}